{"id":19,"date":"2025-08-10T00:28:03","date_gmt":"2025-08-09T22:28:03","guid":{"rendered":"https:\/\/wheat-kudu-461734.hostingersite.com\/blog\/"},"modified":"2025-09-14T18:29:05","modified_gmt":"2025-09-14T16:29:05","slug":"blog","status":"publish","type":"page","link":"https:\/\/truepathfs.com\/en\/blog\/","title":{"rendered":"Blog"},"content":{"rendered":"<div data-elementor-type=\"wp-page\" data-elementor-id=\"19\" class=\"elementor elementor-19\" data-elementor-post-type=\"page\">\n\t\t\t\t<div class=\"elementor-element elementor-element-378b3a2 e-flex e-con-boxed e-con e-parent\" data-id=\"378b3a2\" data-element_type=\"container\" data-settings=\"{&quot;background_background&quot;:&quot;classic&quot;}\">\n\t\t\t\t\t<div class=\"e-con-inner\">\n\t\t\t\t<div class=\"elementor-element elementor-element-05f41d8 elementor-widget__width-initial elementor-widget elementor-widget-icon-box\" data-id=\"05f41d8\" data-element_type=\"widget\" data-widget_type=\"icon-box.default\">\n\t\t\t\t<div class=\"elementor-widget-container\">\n\t\t\t\t\t\t\t<div class=\"elementor-icon-box-wrapper\">\n\n\t\t\t\n\t\t\t\t\t\t<div class=\"elementor-icon-box-content\">\n\n\t\t\t\t\t\t\t\t\t<h1 class=\"elementor-icon-box-title\">\n\t\t\t\t\t\t<span  >\n\t\t\t\t\t\t\tBlog\t\t\t\t\t\t<\/span>\n\t\t\t\t\t<\/h1>\n\t\t\t\t\n\t\t\t\t\n\t\t\t<\/div>\n\t\t\t\n\t\t<\/div>\n\t\t\t\t\t\t<\/div>\n\t\t\t\t<\/div>\n\t\t\t\t\t<\/div>\n\t\t\t\t<\/div>\n\t\t<div class=\"elementor-element elementor-element-56e03e8 e-flex e-con-boxed e-con e-parent\" data-id=\"56e03e8\" data-element_type=\"container\">\n\t\t\t\t\t<div class=\"e-con-inner\">\n\t\t\t\t<div class=\"elementor-element elementor-element-9a32c61 elementor-grid-3 elementor-grid-tablet-2 elementor-grid-mobile-1 elementor-posts--thumbnail-top elementor-card-shadow-yes elementor-posts__hover-gradient elementor-widget elementor-widget-posts\" data-id=\"9a32c61\" data-element_type=\"widget\" data-settings=\"{&quot;pagination_type&quot;:&quot;numbers_and_prev_next&quot;,&quot;cards_columns&quot;:&quot;3&quot;,&quot;cards_columns_tablet&quot;:&quot;2&quot;,&quot;cards_columns_mobile&quot;:&quot;1&quot;,&quot;cards_row_gap&quot;:{&quot;unit&quot;:&quot;px&quot;,&quot;size&quot;:35,&quot;sizes&quot;:[]},&quot;cards_row_gap_tablet&quot;:{&quot;unit&quot;:&quot;px&quot;,&quot;size&quot;:&quot;&quot;,&quot;sizes&quot;:[]},&quot;cards_row_gap_mobile&quot;:{&quot;unit&quot;:&quot;px&quot;,&quot;size&quot;:&quot;&quot;,&quot;sizes&quot;:[]}}\" data-widget_type=\"posts.cards\">\n\t\t\t\t<div class=\"elementor-widget-container\">\n\t\t\t\t\t\t\t<div class=\"elementor-posts-container elementor-posts elementor-posts--skin-cards elementor-grid\" role=\"list\">\r\n\t\t\t\t<article class=\"elementor-post elementor-grid-item post-2638 post type-post status-publish format-standard has-post-thumbnail hentry category-credito\" role=\"listitem\">\r\n\t\t\t<div class=\"elementor-post__card\">\r\n\t\t\t\t<a class=\"elementor-post__thumbnail__link\" href=\"https:\/\/truepathfs.com\/en\/se-pueden-eliminar-las-bancarrotas-del-credit-report-lo-que-debes-saber\/\" tabindex=\"-1\" ><div class=\"elementor-post__thumbnail\"><img fetchpriority=\"high\" decoding=\"async\" width=\"768\" height=\"1150\" src=\"https:\/\/truepathfs.com\/wp-content\/uploads\/2025\/09\/pexels-leeloothefirst-7163945-768x1150.jpg\" class=\"attachment-medium_large size-medium_large wp-image-2640\" alt=\"\" srcset=\"https:\/\/truepathfs.com\/wp-content\/uploads\/2025\/09\/pexels-leeloothefirst-7163945-768x1150.jpg 768w, https:\/\/truepathfs.com\/wp-content\/uploads\/2025\/09\/pexels-leeloothefirst-7163945-200x300.jpg 200w, https:\/\/truepathfs.com\/wp-content\/uploads\/2025\/09\/pexels-leeloothefirst-7163945-684x1024.jpg 684w, https:\/\/truepathfs.com\/wp-content\/uploads\/2025\/09\/pexels-leeloothefirst-7163945-1025x1536.jpg 1025w, https:\/\/truepathfs.com\/wp-content\/uploads\/2025\/09\/pexels-leeloothefirst-7163945-1367x2048.jpg 1367w, https:\/\/truepathfs.com\/wp-content\/uploads\/2025\/09\/pexels-leeloothefirst-7163945-8x12.jpg 8w, https:\/\/truepathfs.com\/wp-content\/uploads\/2025\/09\/pexels-leeloothefirst-7163945-scaled.jpg 1709w\" sizes=\"(max-width: 768px) 100vw, 768px\" \/><\/div><\/a>\r\n\t\t\t\t<div class=\"elementor-post__badge\">Credit<\/div>\r\n\t\t\t\t<div class=\"elementor-post__text\">\r\n\t\t\t\t<h3 class=\"elementor-post__title\">\r\n\t\t\t<a href=\"https:\/\/truepathfs.com\/en\/se-pueden-eliminar-las-bancarrotas-del-credit-report-lo-que-debes-saber\/\" >\r\n\t\t\t\tHow you can remove bankruptcy from credit report? What you need to know\t\t\t<\/a>\r\n\t\t<\/h3>\r\n\t\t\t\t<div class=\"elementor-post__excerpt\">\r\n\t\t\t<p>Una bancarrota puede parecer una marca imposible de borrar en tu historial. Aqu\u00ed te explicamos cu\u00e1nto tiempo permanece, si se puede eliminar y qu\u00e9 pasos puedes dar para recuperarte.<\/p>\n\t\t<\/div>\r\n\t\t\t\t<\/div>\r\n\t\t\t\t<div class=\"elementor-post__meta-data\">\r\n\t\t\t\t\t<span class=\"elementor-post-date\">\r\n\t\t\t21 de September de 2025\t\t<\/span>\r\n\t\t\t\t<span class=\"elementor-post-avatar\">\r\n\t\t\tNo Comments\t\t<\/span>\r\n\t\t\t\t<\/div>\r\n\t\t\t\t\t<\/div>\r\n\t\t<\/article>\r\n\t\t\t\t<article class=\"elementor-post elementor-grid-item post-707 post type-post status-publish format-standard has-post-thumbnail hentry category-credito\" role=\"listitem\">\r\n\t\t\t<div class=\"elementor-post__card\">\r\n\t\t\t\t<a class=\"elementor-post__thumbnail__link\" href=\"https:\/\/truepathfs.com\/en\/how-we-made-a-boring-b2b-brand-go-viral\/\" tabindex=\"-1\" ><div class=\"elementor-post__thumbnail\"><img decoding=\"async\" width=\"768\" height=\"512\" src=\"https:\/\/truepathfs.com\/wp-content\/uploads\/2025\/08\/pexels-pixabay-248747-768x512.jpg\" class=\"attachment-medium_large size-medium_large wp-image-2418\" alt=\"\" srcset=\"https:\/\/truepathfs.com\/wp-content\/uploads\/2025\/08\/pexels-pixabay-248747-768x512.jpg 768w, https:\/\/truepathfs.com\/wp-content\/uploads\/2025\/08\/pexels-pixabay-248747-300x200.jpg 300w, https:\/\/truepathfs.com\/wp-content\/uploads\/2025\/08\/pexels-pixabay-248747-1024x683.jpg 1024w, https:\/\/truepathfs.com\/wp-content\/uploads\/2025\/08\/pexels-pixabay-248747-1536x1024.jpg 1536w, https:\/\/truepathfs.com\/wp-content\/uploads\/2025\/08\/pexels-pixabay-248747-2048x1365.jpg 2048w, https:\/\/truepathfs.com\/wp-content\/uploads\/2025\/08\/pexels-pixabay-248747-18x12.jpg 18w\" sizes=\"(max-width: 768px) 100vw, 768px\" \/><\/div><\/a>\r\n\t\t\t\t<div class=\"elementor-post__badge\">Credit<\/div>\r\n\t\t\t\t<div class=\"elementor-post__text\">\r\n\t\t\t\t<h3 class=\"elementor-post__title\">\r\n\t\t\t<a href=\"https:\/\/truepathfs.com\/en\/how-we-made-a-boring-b2b-brand-go-viral\/\" >\r\n\t\t\t\tCan I delete a vehicle replacement credit bureau? Find out here\t\t\t<\/a>\r\n\t\t<\/h3>\r\n\t\t\t\t<div class=\"elementor-post__excerpt\">\r\n\t\t\t<p>Una reposici\u00f3n de veh\u00edculo puede marcar tu historial por a\u00f1os, pero no todo est\u00e1 perdido. Descubre qu\u00e9 significa, c\u00f3mo impacta tu cr\u00e9dito y qu\u00e9 opciones tienes para eliminarla o reducir su efecto.<\/p>\n\t\t<\/div>\r\n\t\t\t\t<\/div>\r\n\t\t\t\t<div class=\"elementor-post__meta-data\">\r\n\t\t\t\t\t<span class=\"elementor-post-date\">\r\n\t\t\t10 de August de 2025\t\t<\/span>\r\n\t\t\t\t<span class=\"elementor-post-avatar\">\r\n\t\t\tNo Comments\t\t<\/span>\r\n\t\t\t\t<\/div>\r\n\t\t\t\t\t<\/div>\r\n\t\t<\/article>\r\n\t\t\t\t<article class=\"elementor-post elementor-grid-item post-705 post type-post status-publish format-standard has-post-thumbnail hentry category-credito\" role=\"listitem\">\r\n\t\t\t<div class=\"elementor-post__card\">\r\n\t\t\t\t<a class=\"elementor-post__thumbnail__link\" href=\"https:\/\/truepathfs.com\/en\/how-we-built-a-98-100-pagespeed-score-website-in-2-weeks\/\" tabindex=\"-1\" ><div class=\"elementor-post__thumbnail\"><img decoding=\"async\" width=\"768\" height=\"512\" src=\"https:\/\/truepathfs.com\/wp-content\/uploads\/2025\/08\/pexels-nicola-barts-7926666-768x512.jpg\" class=\"attachment-medium_large size-medium_large wp-image-2411\" alt=\"\" srcset=\"https:\/\/truepathfs.com\/wp-content\/uploads\/2025\/08\/pexels-nicola-barts-7926666-768x512.jpg 768w, https:\/\/truepathfs.com\/wp-content\/uploads\/2025\/08\/pexels-nicola-barts-7926666-300x200.jpg 300w, https:\/\/truepathfs.com\/wp-content\/uploads\/2025\/08\/pexels-nicola-barts-7926666-1024x683.jpg 1024w, https:\/\/truepathfs.com\/wp-content\/uploads\/2025\/08\/pexels-nicola-barts-7926666-1536x1024.jpg 1536w, https:\/\/truepathfs.com\/wp-content\/uploads\/2025\/08\/pexels-nicola-barts-7926666-2048x1365.jpg 2048w, https:\/\/truepathfs.com\/wp-content\/uploads\/2025\/08\/pexels-nicola-barts-7926666-18x12.jpg 18w\" sizes=\"(max-width: 768px) 100vw, 768px\" \/><\/div><\/a>\r\n\t\t\t\t<div class=\"elementor-post__badge\">Credit<\/div>\r\n\t\t\t\t<div class=\"elementor-post__text\">\r\n\t\t\t\t<h3 class=\"elementor-post__title\">\r\n\t\t\t<a href=\"https:\/\/truepathfs.com\/en\/how-we-built-a-98-100-pagespeed-score-website-in-2-weeks\/\" >\r\n\t\t\t\tWhat are the collections on your credit and how they affect your record?\t\t\t<\/a>\r\n\t\t<\/h3>\r\n\t\t\t\t<div class=\"elementor-post__excerpt\">\r\n\t\t\t<p>\u00bfTe apareci\u00f3 una cuenta en collections y no sabes qu\u00e9 significa? Aqu\u00ed te explicamos de forma sencilla qu\u00e9 son, c\u00f3mo afectan tu puntaje y qu\u00e9 opciones tienes para solucionarlas.<\/p>\n\t\t<\/div>\r\n\t\t\t\t<\/div>\r\n\t\t\t\t<div class=\"elementor-post__meta-data\">\r\n\t\t\t\t\t<span class=\"elementor-post-date\">\r\n\t\t\t10 de August de 2025\t\t<\/span>\r\n\t\t\t\t<span class=\"elementor-post-avatar\">\r\n\t\t\tNo Comments\t\t<\/span>\r\n\t\t\t\t<\/div>\r\n\t\t\t\t\t<\/div>\r\n\t\t<\/article>\r\n\t\t\t\t<article class=\"elementor-post elementor-grid-item post-703 post type-post status-publish format-standard has-post-thumbnail hentry category-credito\" role=\"listitem\">\r\n\t\t\t<div class=\"elementor-post__card\">\r\n\t\t\t\t<a class=\"elementor-post__thumbnail__link\" href=\"https:\/\/truepathfs.com\/en\/the-500-rebrand-that-made-our-client-look-like-a-fortune-500\/\" tabindex=\"-1\" ><div class=\"elementor-post__thumbnail\"><img loading=\"lazy\" decoding=\"async\" width=\"768\" height=\"512\" src=\"https:\/\/truepathfs.com\/wp-content\/uploads\/2025\/08\/pexels-mikhail-nilov-6963017-768x512.jpg\" class=\"attachment-medium_large size-medium_large wp-image-2406\" alt=\"\" srcset=\"https:\/\/truepathfs.com\/wp-content\/uploads\/2025\/08\/pexels-mikhail-nilov-6963017-768x512.jpg 768w, https:\/\/truepathfs.com\/wp-content\/uploads\/2025\/08\/pexels-mikhail-nilov-6963017-300x200.jpg 300w, https:\/\/truepathfs.com\/wp-content\/uploads\/2025\/08\/pexels-mikhail-nilov-6963017-1024x683.jpg 1024w, https:\/\/truepathfs.com\/wp-content\/uploads\/2025\/08\/pexels-mikhail-nilov-6963017-1536x1024.jpg 1536w, https:\/\/truepathfs.com\/wp-content\/uploads\/2025\/08\/pexels-mikhail-nilov-6963017-2048x1365.jpg 2048w, https:\/\/truepathfs.com\/wp-content\/uploads\/2025\/08\/pexels-mikhail-nilov-6963017-18x12.jpg 18w\" sizes=\"(max-width: 768px) 100vw, 768px\" \/><\/div><\/a>\r\n\t\t\t\t<div class=\"elementor-post__badge\">Credit<\/div>\r\n\t\t\t\t<div class=\"elementor-post__text\">\r\n\t\t\t\t<h3 class=\"elementor-post__title\">\r\n\t\t\t<a href=\"https:\/\/truepathfs.com\/en\/the-500-rebrand-that-made-our-client-look-like-a-fortune-500\/\" >\r\n\t\t\t\tHow does the credit repair? Clear and simple guide to 2025\t\t\t<\/a>\r\n\t\t<\/h3>\r\n\t\t\t\t<div class=\"elementor-post__excerpt\">\r\n\t\t\t<p>La reparaci\u00f3n de cr\u00e9dito no es magia: es un proceso legal y estructurado que, bien llevado, puede cambiar tu vida financiera. Aqu\u00ed te explico de manera sencilla c\u00f3mo funciona y qu\u00e9 puedes esperar.<\/p>\n\t\t<\/div>\r\n\t\t\t\t<\/div>\r\n\t\t\t\t<div class=\"elementor-post__meta-data\">\r\n\t\t\t\t\t<span class=\"elementor-post-date\">\r\n\t\t\t10 de August de 2025\t\t<\/span>\r\n\t\t\t\t<span class=\"elementor-post-avatar\">\r\n\t\t\tNo Comments\t\t<\/span>\r\n\t\t\t\t<\/div>\r\n\t\t\t\t\t<\/div>\r\n\t\t<\/article>\r\n\t\t\t\t<\/div>\r\n\t\t\r\n\t\t\t\t\t\t<\/div>\n\t\t\t\t<\/div>\n\t\t\t\t\t<\/div>\n\t\t\t\t<\/div>\n\t\t\t\t<\/div>","protected":false},"excerpt":{"rendered":"<p>Blog<\/p>","protected":false},"author":1,"featured_media":0,"parent":0,"menu_order":0,"comment_status":"closed","ping_status":"closed","template":"","meta":{"site-sidebar-layout":"no-sidebar","site-content-layout":"","ast-site-content-layout":"full-width-container","site-content-style":"unboxed","site-sidebar-style":"unboxed","ast-global-header-display":"","ast-banner-title-visibility":"","ast-main-header-display":"","ast-hfb-above-header-display":"","ast-hfb-below-header-display":"","ast-hfb-mobile-header-display":"","site-post-title":"disabled","ast-breadcrumbs-content":"","ast-featured-img":"disabled","footer-sml-layout":"","theme-transparent-header-meta":"enabled","adv-header-id-meta":"","stick-header-meta":"","header-above-stick-meta":"","header-main-stick-meta":"","header-below-stick-meta":"","astra-migrate-meta-layouts":"default","ast-page-background-enabled":"default","ast-page-background-meta":{"desktop":{"background-color":"var(--ast-global-color-5)","background-image":"","background-repeat":"repeat","background-position":"center center","background-size":"auto","background-attachment":"scroll","background-type":"","background-media":"","overlay-type":"","overlay-color":"","overlay-opacity":"","overlay-gradient":""},"tablet":{"background-color":"","background-image":"","background-repeat":"repeat","background-position":"center center","background-size":"auto","background-attachment":"scroll","background-type":"","background-media":"","overlay-type":"","overlay-color":"","overlay-opacity":"","overlay-gradient":""},"mobile":{"background-color":"","background-image":"","background-repeat":"repeat","background-position":"center center","background-size":"auto","background-attachment":"scroll","background-type":"","background-media":"","overlay-type":"","overlay-color":"","overlay-opacity":"","overlay-gradient":""}},"ast-content-background-meta":{"desktop":{"background-color":"var(--ast-global-color-4)","background-image":"","background-repeat":"repeat","background-position":"center center","background-size":"auto","background-attachment":"scroll","background-type":"","background-media":"","overlay-type":"","overlay-color":"","overlay-opacity":"","overlay-gradient":""},"tablet":{"background-color":"var(--ast-global-color-4)","background-image":"","background-repeat":"repeat","background-position":"center center","background-size":"auto","background-attachment":"scroll","background-type":"","background-media":"","overlay-type":"","overlay-color":"","overlay-opacity":"","overlay-gradient":""},"mobile":{"background-color":"var(--ast-global-color-4)","background-image":"","background-repeat":"repeat","background-position":"center center","background-size":"auto","background-attachment":"scroll","background-type":"","background-media":"","overlay-type":"","overlay-color":"","overlay-opacity":"","overlay-gradient":""}},"footnotes":""},"class_list":["post-19","page","type-page","status-publish","hentry"],"_links":{"self":[{"href":"https:\/\/truepathfs.com\/en\/wp-json\/wp\/v2\/pages\/19","targetHints":{"allow":["GET"]}}],"collection":[{"href":"https:\/\/truepathfs.com\/en\/wp-json\/wp\/v2\/pages"}],"about":[{"href":"https:\/\/truepathfs.com\/en\/wp-json\/wp\/v2\/types\/page"}],"author":[{"embeddable":true,"href":"https:\/\/truepathfs.com\/en\/wp-json\/wp\/v2\/users\/1"}],"replies":[{"embeddable":true,"href":"https:\/\/truepathfs.com\/en\/wp-json\/wp\/v2\/comments?post=19"}],"version-history":[{"count":19,"href":"https:\/\/truepathfs.com\/en\/wp-json\/wp\/v2\/pages\/19\/revisions"}],"predecessor-version":[{"id":2424,"href":"https:\/\/truepathfs.com\/en\/wp-json\/wp\/v2\/pages\/19\/revisions\/2424"}],"wp:attachment":[{"href":"https:\/\/truepathfs.com\/en\/wp-json\/wp\/v2\/media?parent=19"}],"curies":[{"name":"wp","href":"https:\/\/api.w.org\/{rel}","templated":true}]}}