{"id":2219,"date":"2025-09-10T03:50:31","date_gmt":"2025-09-10T01:50:31","guid":{"rendered":"https:\/\/wheat-kudu-461734.hostingersite.com\/aviso-legal-imprint\/"},"modified":"2025-09-15T20:24:03","modified_gmt":"2025-09-15T18:24:03","slug":"aviso-legal-imprint","status":"publish","type":"page","link":"https:\/\/truepathfs.com\/en\/aviso-legal-imprint\/","title":{"rendered":"Terms and Conditions"},"content":{"rendered":"<div data-elementor-type=\"wp-page\" data-elementor-id=\"2219\" class=\"elementor elementor-2219\" data-elementor-post-type=\"page\">\n\t\t\t\t<div class=\"elementor-element elementor-element-db42965 e-flex e-con-boxed e-con e-parent\" data-id=\"db42965\" data-element_type=\"container\" data-settings=\"{&quot;background_background&quot;:&quot;classic&quot;}\">\n\t\t\t\t\t<div class=\"e-con-inner\">\n\t\t\t\t<div class=\"elementor-element elementor-element-3f4e352 elementor-widget elementor-widget-heading\" data-id=\"3f4e352\" data-element_type=\"widget\" data-widget_type=\"heading.default\">\n\t\t\t\t<div class=\"elementor-widget-container\">\n\t\t\t\t\t<h1 class=\"elementor-heading-title elementor-size-default\">Terms and Conditions<\/h1>\t\t\t\t<\/div>\n\t\t\t\t<\/div>\n\t\t\t\t\t<\/div>\n\t\t\t\t<\/div>\n\t\t<div class=\"elementor-element elementor-element-82e7bff e-flex e-con-boxed e-con e-parent\" data-id=\"82e7bff\" data-element_type=\"container\">\n\t\t\t\t\t<div class=\"e-con-inner\">\n\t\t\t\t<div class=\"elementor-element elementor-element-b4600c5 elementor-widget elementor-widget-text-editor\" data-id=\"b4600c5\" data-element_type=\"widget\" data-widget_type=\"text-editor.default\">\n\t\t\t\t<div class=\"elementor-widget-container\">\n\t\t\t\t\t\t\t\t\t<p><b>Last update:<\/b><span style=\"font-weight: 400;\"> 14 September 2025<\/span><\/p><p><span style=\"font-weight: 400;\">Welcome to <\/span><b>True Path Financial Services LLC<\/b><span style=\"font-weight: 400;\">. These Terms and Conditions are a legal agreement between you (\u201cCustomer\u201d) and us (the \u201cCompany\u201d), and govern the use of our services <\/span><b>credit repair<\/b><span style=\"font-weight: 400;\"> and <\/span><b>assistance in funding (funding)<\/b><span style=\"font-weight: 400;\">.<\/span><\/p><p><span style=\"font-weight: 400;\">In summary:<\/span><\/p><ul><li style=\"font-weight: 400;\" aria-level=\"1\"><span style=\"font-weight: 400;\">We hire to help you improve your credit by disputing errors on your reports and, if desired, to assist you in funding requests.<\/span><p>\u00a0<\/p><\/li><li style=\"font-weight: 400;\" aria-level=\"1\"><span style=\"font-weight: 400;\">We only charge once the service is completed, in compliance with the law GLUGS.<\/span><p>\u00a0<\/p><\/li><li style=\"font-weight: 400;\" aria-level=\"1\"><span style=\"font-weight: 400;\">We do not offer legal, tax or guarantee specific results.<\/span><p>\u00a0<\/p><\/li><li style=\"font-weight: 400;\" aria-level=\"1\"><span style=\"font-weight: 400;\">You have the right to cancel within 3 business days, without cost.<\/span><p>\u00a0<\/p><\/li><li style=\"font-weight: 400;\" aria-level=\"1\"><span style=\"font-weight: 400;\">After, you can cancel at any time by following our process.<\/span><p>\u00a0<\/p><\/li><li style=\"font-weight: 400;\" aria-level=\"1\"><span style=\"font-weight: 400;\">We can help, we need you to provide us with accurate and timely information.<\/span><p>\u00a0<\/p><\/li><\/ul><h2><b>2. Description of services<\/b><\/h2><p><b>Credit repair:<\/b><b><br \/><\/b><span style=\"font-weight: 400;\"> It includes analysis of your credit report, preparing and sending dispute letters to the credit agencies (Equifax, Experian, TransUnion) and the creditors concerned.<\/span><\/p><p><b>Funding (financing assistance):<\/b><b><br \/><\/b><span style=\"font-weight: 400;\"> Includes review your account statements and credit history, assessment of eligibility and connection with lending partners.<\/span><\/p><p><b>What is NOT covered:<\/b><\/p><ul><li style=\"font-weight: 400;\" aria-level=\"1\"><span style=\"font-weight: 400;\">Legal advice.<\/span><p>\u00a0<\/p><\/li><li style=\"font-weight: 400;\" aria-level=\"1\"><span style=\"font-weight: 400;\">Tax advice or accounting.<\/span><p>\u00a0<\/p><\/li><li style=\"font-weight: 400;\" aria-level=\"1\"><span style=\"font-weight: 400;\">Guarantee of results (we can not guarantee that remove specific accounts or approval of funding).<\/span><p>\u00a0<\/p><\/li><\/ul><h2><b>3. Obligations of the customer<\/b><\/h2><p><span style=\"font-weight: 400;\">The Client undertakes to:<\/span><\/p><ul><li style=\"font-weight: 400;\" aria-level=\"1\"><span style=\"font-weight: 400;\">Provide accurate, complete and up-to-date.<\/span><p>\u00a0<\/p><\/li><li style=\"font-weight: 400;\" aria-level=\"1\"><span style=\"font-weight: 400;\">Forward to the Company any correspondence received from the credit agencies within the <\/span><b>5 working days<\/b><span style=\"font-weight: 400;\"> following their receipt.<\/span><p>\u00a0<\/p><\/li><li style=\"font-weight: 400;\" aria-level=\"1\"><span style=\"font-weight: 400;\">Keep active subscription credit monitoring, if it is required for the service.<\/span><p>\u00a0<\/p><\/li><li style=\"font-weight: 400;\" aria-level=\"1\"><span style=\"font-weight: 400;\">To comply with the agreed payments according to the model described in Section 4.<\/span><p>\u00a0<\/p><\/li><\/ul><h2><b>4. Payment structure<\/b><\/h2><p><b>Credit repair (CROA):<\/b><b><br \/><\/b><span style=\"font-weight: 400;\"> In accordance with the <\/span><b>Law Credit Repair Organizations (CROA)<\/b><span style=\"font-weight: 400;\">, we do not charge any fee until the contracted services have been fully performed.<\/span><\/p><ul><li style=\"font-weight: 400;\" aria-level=\"1\"><span style=\"font-weight: 400;\">The model charge can be by result (e.g. $X for each account negative removed) or monthly (e.g. $X per month, after complete the work of that month).<\/span><p>\u00a0<\/p><\/li><li style=\"font-weight: 400;\" aria-level=\"1\"><span style=\"font-weight: 400;\">In no case is charged in advance.<\/span><p>\u00a0<\/p><\/li><\/ul><p><b>Funding (financing):<\/b><\/p><ul><li style=\"font-weight: 400;\" aria-level=\"1\"><span style=\"font-weight: 400;\">The Client agrees that, in the event that you manage a successful financing, the Company may charge a commission previously agreed.<\/span><p>\u00a0<\/p><\/li><li style=\"font-weight: 400;\" aria-level=\"1\"><span style=\"font-weight: 400;\">The Company may also receive commissions from the lenders associated; this will be reported in a clear and transparent.<\/span><p>\u00a0<\/p><\/li><\/ul><h2><b>5. Cancellation<\/b><\/h2><p><b>3-day right of:<\/b><b><br \/><\/b><span style=\"font-weight: 400;\"> The Client may cancel this contract without penalty or cost within the <\/span><b>three (3) days days<\/b><span style=\"font-weight: 400;\"> you have signed.<\/span><\/p><p><b>Cancellation later:<\/b><b><br \/><\/b><span style=\"font-weight: 400;\"> After this deadline, the Client may cancel at any time by sending a written notice at least <\/span><b>30 days in advance<\/b><span style=\"font-weight: 400;\">.<\/span><\/p><h2><b>6. Limitation of liability<\/b><\/h2><ul><li style=\"font-weight: 400;\" aria-level=\"1\"><span style=\"font-weight: 400;\">The Company shall not be liable for any indirect loss, incidental or consequential damages.<\/span><p>\u00a0<\/p><\/li><li style=\"font-weight: 400;\" aria-level=\"1\"><span style=\"font-weight: 400;\">We do not guarantee specific results in the removal of negative accounts or in the approval of loans.<\/span><p>\u00a0<\/p><\/li><li style=\"font-weight: 400;\" aria-level=\"1\"><span style=\"font-weight: 400;\">The maximum liability of the Company, under any circumstances, shall be equivalent to the total amount paid by the Client in the last 3 months of service.<\/span><p>\u00a0<\/p><\/li><\/ul><h2><b>7. Jurisdiction<\/b><\/h2><p><span style=\"font-weight: 400;\">These Terms and Conditions are governed by the laws of the <\/span><b>State of Texas, united States<\/b><span style=\"font-weight: 400;\">, and any dispute will be resolved in the courts pertaining to San Antonio, Texas.<\/span><\/p>\t\t\t\t\t\t\t\t<\/div>\n\t\t\t\t<\/div>\n\t\t\t\t\t<\/div>\n\t\t\t\t<\/div>\n\t\t\t\t<\/div>","protected":false},"excerpt":{"rendered":"<p>\u00daltima actualizaci\u00f3n: 14 Septiembre 2025 Bienvenido a True Path Financial Services LLC. Estos T\u00e9rminos y Condiciones son un contrato legal [&hellip;]<\/p>","protected":false},"author":1,"featured_media":0,"parent":0,"menu_order":0,"comment_status":"closed","ping_status":"closed","template":"elementor_header_footer","meta":{"site-sidebar-layout":"default","site-content-layout":"","ast-site-content-layout":"default","site-content-style":"default","site-sidebar-style":"default","ast-global-header-display":"","ast-banner-title-visibility":"","ast-main-header-display":"","ast-hfb-above-header-display":"","ast-hfb-below-header-display":"","ast-hfb-mobile-header-display":"","site-post-title":"disabled","ast-breadcrumbs-content":"","ast-featured-img":"","footer-sml-layout":"","theme-transparent-header-meta":"","adv-header-id-meta":"","stick-header-meta":"","header-above-stick-meta":"","header-main-stick-meta":"","header-below-stick-meta":"","astra-migrate-meta-layouts":"default","ast-page-background-enabled":"default","ast-page-background-meta":{"desktop":{"background-color":"var(--ast-global-color-5)","background-image":"","background-repeat":"repeat","background-position":"center center","background-size":"auto","background-attachment":"scroll","background-type":"","background-media":"","overlay-type":"","overlay-color":"","overlay-opacity":"","overlay-gradient":""},"tablet":{"background-color":"","background-image":"","background-repeat":"repeat","background-position":"center center","background-size":"auto","background-attachment":"scroll","background-type":"","background-media":"","overlay-type":"","overlay-color":"","overlay-opacity":"","overlay-gradient":""},"mobile":{"background-color":"","background-image":"","background-repeat":"repeat","background-position":"center center","background-size":"auto","background-attachment":"scroll","background-type":"","background-media":"","overlay-type":"","overlay-color":"","overlay-opacity":"","overlay-gradient":""}},"ast-content-background-meta":{"desktop":{"background-color":"var(--ast-global-color-4)","background-image":"","background-repeat":"repeat","background-position":"center center","background-size":"auto","background-attachment":"scroll","background-type":"","background-media":"","overlay-type":"","overlay-color":"","overlay-opacity":"","overlay-gradient":""},"tablet":{"background-color":"var(--ast-global-color-4)","background-image":"","background-repeat":"repeat","background-position":"center center","background-size":"auto","background-attachment":"scroll","background-type":"","background-media":"","overlay-type":"","overlay-color":"","overlay-opacity":"","overlay-gradient":""},"mobile":{"background-color":"var(--ast-global-color-4)","background-image":"","background-repeat":"repeat","background-position":"center center","background-size":"auto","background-attachment":"scroll","background-type":"","background-media":"","overlay-type":"","overlay-color":"","overlay-opacity":"","overlay-gradient":""}},"footnotes":""},"class_list":["post-2219","page","type-page","status-publish","hentry"],"_links":{"self":[{"href":"https:\/\/truepathfs.com\/en\/wp-json\/wp\/v2\/pages\/2219","targetHints":{"allow":["GET"]}}],"collection":[{"href":"https:\/\/truepathfs.com\/en\/wp-json\/wp\/v2\/pages"}],"about":[{"href":"https:\/\/truepathfs.com\/en\/wp-json\/wp\/v2\/types\/page"}],"author":[{"embeddable":true,"href":"https:\/\/truepathfs.com\/en\/wp-json\/wp\/v2\/users\/1"}],"replies":[{"embeddable":true,"href":"https:\/\/truepathfs.com\/en\/wp-json\/wp\/v2\/comments?post=2219"}],"version-history":[{"count":15,"href":"https:\/\/truepathfs.com\/en\/wp-json\/wp\/v2\/pages\/2219\/revisions"}],"predecessor-version":[{"id":2537,"href":"https:\/\/truepathfs.com\/en\/wp-json\/wp\/v2\/pages\/2219\/revisions\/2537"}],"wp:attachment":[{"href":"https:\/\/truepathfs.com\/en\/wp-json\/wp\/v2\/media?parent=2219"}],"curies":[{"name":"wp","href":"https:\/\/api.w.org\/{rel}","templated":true}]}}