{"id":2516,"date":"2025-09-15T07:17:38","date_gmt":"2025-09-15T05:17:38","guid":{"rendered":"https:\/\/wheat-kudu-461734.hostingersite.com\/?page_id=2516"},"modified":"2025-09-15T20:25:17","modified_gmt":"2025-09-15T18:25:17","slug":"politica-de-cookies","status":"publish","type":"page","link":"https:\/\/truepathfs.com\/en\/politica-de-cookies\/","title":{"rendered":"Cookie policy"},"content":{"rendered":"<div data-elementor-type=\"wp-page\" data-elementor-id=\"2516\" class=\"elementor elementor-2516\" data-elementor-post-type=\"page\">\n\t\t\t\t<div class=\"elementor-element elementor-element-5187c58 e-flex e-con-boxed e-con e-parent\" data-id=\"5187c58\" data-element_type=\"container\" data-settings=\"{&quot;background_background&quot;:&quot;classic&quot;}\">\n\t\t\t\t\t<div class=\"e-con-inner\">\n\t\t\t\t<div class=\"elementor-element elementor-element-cb0a398 elementor-widget elementor-widget-heading\" data-id=\"cb0a398\" data-element_type=\"widget\" data-widget_type=\"heading.default\">\n\t\t\t\t<div class=\"elementor-widget-container\">\n\t\t\t\t\t<h1 class=\"elementor-heading-title elementor-size-default\">Cookie policy<\/h1>\t\t\t\t<\/div>\n\t\t\t\t<\/div>\n\t\t\t\t\t<\/div>\n\t\t\t\t<\/div>\n\t\t<div class=\"elementor-element elementor-element-70e16e7 e-flex e-con-boxed e-con e-parent\" data-id=\"70e16e7\" data-element_type=\"container\">\n\t\t\t\t\t<div class=\"e-con-inner\">\n\t\t\t\t<div class=\"elementor-element elementor-element-74a1f35 elementor-widget elementor-widget-text-editor\" data-id=\"74a1f35\" data-element_type=\"widget\" data-widget_type=\"text-editor.default\">\n\t\t\t\t<div class=\"elementor-widget-container\">\n\t\t\t\t\t\t\t\t\t<p><b>Last update:<\/b><span style=\"font-weight: 400;\"> 14 September 2025<\/span><\/p><p><span style=\"font-weight: 400;\">In <\/span><b>True Path Financial Services LLC<\/b><span style=\"font-weight: 400;\"> we use cookies and tracking technologies to improve your experience, analyze traffic on our site and to show you relevant advertising. This policy explains what cookies are, what tools to use and how you can manage them.<\/span><\/p><h2><b>1. What are cookies?<\/b><\/h2><p><span style=\"font-weight: 400;\">Cookies are small text files that are stored on your device (computer, tablet, or phone) when you visit a website. These cookies allow us to recognize your browser, remember your preferences and collect data about how you interact with our website.<\/span><\/p><ol start=\"2\"><li><b> Cookies and technologies that we use<\/b><\/li><\/ol><p><span style=\"font-weight: 400;\">In our site we use the following third-party tools:<\/span><\/p><p><b>Google Analytics 4 (GA4):<\/b><span style=\"font-weight: 400;\"> allows us to analyze how visitors use the site, which sections are most frequently visited and how to improve the experience.<\/span><span style=\"font-weight: 400;\"><br \/><\/span><span style=\"font-weight: 400;\"> More info: Google Policy.<\/span><\/p><p><b>Google Ads:<\/b><span style=\"font-weight: 400;\"> we use cookies to measure the effectiveness of our advertising campaigns and to show relevant ads according to your interests.<\/span><\/p><p><b>Google Tag Manager (GTM):<\/b><span style=\"font-weight: 400;\"> a tool that helps us to manage tracking tags and cookies in an efficient manner.<\/span><\/p><p><b>Target Pixel (Facebook Pixel):<\/b><span style=\"font-weight: 400;\"> allows us to understand how users interact with our website after seeing an ad on Facebook or Instagram, and show you personalized ads.<\/span><span style=\"font-weight: 400;\"><br \/><\/span><span style=\"font-weight: 400;\"> More info:<\/span><a href=\"https:\/\/www.facebook.com\/policies\/cookies\/\"> <span style=\"font-weight: 400;\">Cookies policy Goal<\/span><\/a><span style=\"font-weight: 400;\">.<\/span><\/p><ol start=\"3\"><li><b> Types of cookies<\/b><\/li><\/ol><ul><li style=\"font-weight: 400;\" aria-level=\"1\"><b>Essential:<\/b><span style=\"font-weight: 400;\"> necessary for the basic functioning of the website (forms, security, sign-in).<\/span><span style=\"font-weight: 400;\"><br \/><br \/><\/span><\/li><li style=\"font-weight: 400;\" aria-level=\"1\"><b>Analysis:<\/b><span style=\"font-weight: 400;\"> they allow us to understand the behavior of visitors (GA4, GTM).<\/span><span style=\"font-weight: 400;\"><br \/><br \/><\/span><\/li><li style=\"font-weight: 400;\" aria-level=\"1\"><b>Advertising and remarketing:<\/b><span style=\"font-weight: 400;\"> personalise ads and measure their effectiveness (Google Ads, Target Pixel).<\/span><span style=\"font-weight: 400;\"><br \/><br \/><\/span><\/li><li style=\"font-weight: 400;\" aria-level=\"1\"><b>Functionality:<\/b><span style=\"font-weight: 400;\"> remember your choices, such as language and region, to customize your experience.<\/span><span style=\"font-weight: 400;\"><br \/><br \/><\/span><\/li><\/ul><ol start=\"4\"><li><b> How we use collected information<\/b><\/li><\/ol><p><span style=\"font-weight: 400;\">The information obtained through cookies is used to:<\/span><\/p><ul><li style=\"font-weight: 400;\" aria-level=\"1\"><span style=\"font-weight: 400;\">To improve the security and performance of the site.<\/span><span style=\"font-weight: 400;\"><br \/><br \/><\/span><\/li><li style=\"font-weight: 400;\" aria-level=\"1\"><span style=\"font-weight: 400;\">To remember your preferences for future visits.<\/span><span style=\"font-weight: 400;\"><br \/><br \/><\/span><\/li><li style=\"font-weight: 400;\" aria-level=\"1\"><span style=\"font-weight: 400;\">Analyze anonymously how users browse our site.<\/span><span style=\"font-weight: 400;\"><br \/><br \/><\/span><\/li><li style=\"font-weight: 400;\" aria-level=\"1\"><span style=\"font-weight: 400;\">Show relevant ads through Google Ads and Target Ads.<\/span><span style=\"font-weight: 400;\"><br \/><br \/><\/span><\/li><li style=\"font-weight: 400;\" aria-level=\"1\"><span style=\"font-weight: 400;\">To measure the impact of our advertising campaigns.<\/span><span style=\"font-weight: 400;\"><br \/><br \/><\/span><\/li><\/ul><h2><b>5. Management of cookies<\/b><\/h2><p><span style=\"font-weight: 400;\">You can accept or refuse the use of cookies at any time:<\/span><\/p><ul><li style=\"font-weight: 400;\" aria-level=\"1\"><b>Banner of cookies:<\/b><span style=\"font-weight: 400;\"> by entering the site, you can choose to accept all cookies, or set them up.<\/span><span style=\"font-weight: 400;\"><br \/><br \/><\/span><\/li><li style=\"font-weight: 400;\" aria-level=\"1\"><b>Browser:<\/b><span style=\"font-weight: 400;\"> you can delete or block cookies from your browser settings.<\/span><span style=\"font-weight: 400;\"><br \/><br \/><\/span><\/li><\/ul><p><span style=\"font-weight: 400;\">\ud83d\udccc Note: when you disable cookies, some features of the site may be limited.<\/span><\/p><ol start=\"6\"><li><b> Changes to this policy<\/b><\/li><\/ol><p><span style=\"font-weight: 400;\">We may update this Cookie Policy to reflect changes in the law or in our practices of follow-up. We recommend you review it periodically.<\/span><\/p><ol start=\"7\"><li><b> Contact<\/b><\/li><\/ol><p><span style=\"font-weight: 400;\">If you have questions about this Cookies Policy, contact us at:<\/span><\/p><p><span style=\"font-weight: 400;\">\ud83d\udce7 <\/span><b>E-mail:<\/b><span style=\"font-weight: 400;\"> yuniel@wheat-kudu-461734.hostingersite.com<\/span><span style=\"font-weight: 400;\"><br \/><\/span><span style=\"font-weight: 400;\"> \ud83d\udcde <\/span><b>Phone:<\/b><span style=\"font-weight: 400;\"> +1 210 609 0115<\/span><span style=\"font-weight: 400;\"><br \/><\/span><span style=\"font-weight: 400;\"> \ud83c\udfe2 <\/span><b>Address:<\/b><span style=\"font-weight: 400;\"> 6423 Luglio Ln Unit 103, San Antonio, TX 78233 US<\/span><\/p><p><span style=\"font-weight: 400;\">We use cookies (Google Analytics, Google Ads, GTM and Target Pixel) to improve your experience, analyze traffic and personalize ads. You can accept all or set your preferences.<\/span><\/p>\t\t\t\t\t\t\t\t<\/div>\n\t\t\t\t<\/div>\n\t\t\t\t\t<\/div>\n\t\t\t\t<\/div>\n\t\t\t\t<\/div>","protected":false},"excerpt":{"rendered":"<p>\u00daltima actualizaci\u00f3n: 14 Septiembre 2025 En True Path Financial Services LLC utilizamos cookies y tecnolog\u00edas de seguimiento para mejorar tu [&hellip;]<\/p>","protected":false},"author":1,"featured_media":0,"parent":0,"menu_order":0,"comment_status":"closed","ping_status":"closed","template":"elementor_header_footer","meta":{"site-sidebar-layout":"default","site-content-layout":"","ast-site-content-layout":"default","site-content-style":"default","site-sidebar-style":"default","ast-global-header-display":"","ast-banner-title-visibility":"","ast-main-header-display":"","ast-hfb-above-header-display":"","ast-hfb-below-header-display":"","ast-hfb-mobile-header-display":"","site-post-title":"disabled","ast-breadcrumbs-content":"","ast-featured-img":"","footer-sml-layout":"","theme-transparent-header-meta":"","adv-header-id-meta":"","stick-header-meta":"","header-above-stick-meta":"","header-main-stick-meta":"","header-below-stick-meta":"","astra-migrate-meta-layouts":"default","ast-page-background-enabled":"default","ast-page-background-meta":{"desktop":{"background-color":"var(--ast-global-color-5)","background-image":"","background-repeat":"repeat","background-position":"center center","background-size":"auto","background-attachment":"scroll","background-type":"","background-media":"","overlay-type":"","overlay-color":"","overlay-opacity":"","overlay-gradient":""},"tablet":{"background-color":"","background-image":"","background-repeat":"repeat","background-position":"center center","background-size":"auto","background-attachment":"scroll","background-type":"","background-media":"","overlay-type":"","overlay-color":"","overlay-opacity":"","overlay-gradient":""},"mobile":{"background-color":"","background-image":"","background-repeat":"repeat","background-position":"center center","background-size":"auto","background-attachment":"scroll","background-type":"","background-media":"","overlay-type":"","overlay-color":"","overlay-opacity":"","overlay-gradient":""}},"ast-content-background-meta":{"desktop":{"background-color":"var(--ast-global-color-4)","background-image":"","background-repeat":"repeat","background-position":"center center","background-size":"auto","background-attachment":"scroll","background-type":"","background-media":"","overlay-type":"","overlay-color":"","overlay-opacity":"","overlay-gradient":""},"tablet":{"background-color":"var(--ast-global-color-4)","background-image":"","background-repeat":"repeat","background-position":"center center","background-size":"auto","background-attachment":"scroll","background-type":"","background-media":"","overlay-type":"","overlay-color":"","overlay-opacity":"","overlay-gradient":""},"mobile":{"background-color":"var(--ast-global-color-4)","background-image":"","background-repeat":"repeat","background-position":"center center","background-size":"auto","background-attachment":"scroll","background-type":"","background-media":"","overlay-type":"","overlay-color":"","overlay-opacity":"","overlay-gradient":""}},"footnotes":""},"class_list":["post-2516","page","type-page","status-publish","hentry"],"_links":{"self":[{"href":"https:\/\/truepathfs.com\/en\/wp-json\/wp\/v2\/pages\/2516","targetHints":{"allow":["GET"]}}],"collection":[{"href":"https:\/\/truepathfs.com\/en\/wp-json\/wp\/v2\/pages"}],"about":[{"href":"https:\/\/truepathfs.com\/en\/wp-json\/wp\/v2\/types\/page"}],"author":[{"embeddable":true,"href":"https:\/\/truepathfs.com\/en\/wp-json\/wp\/v2\/users\/1"}],"replies":[{"embeddable":true,"href":"https:\/\/truepathfs.com\/en\/wp-json\/wp\/v2\/comments?post=2516"}],"version-history":[{"count":7,"href":"https:\/\/truepathfs.com\/en\/wp-json\/wp\/v2\/pages\/2516\/revisions"}],"predecessor-version":[{"id":2543,"href":"https:\/\/truepathfs.com\/en\/wp-json\/wp\/v2\/pages\/2516\/revisions\/2543"}],"wp:attachment":[{"href":"https:\/\/truepathfs.com\/en\/wp-json\/wp\/v2\/media?parent=2516"}],"curies":[{"name":"wp","href":"https:\/\/api.w.org\/{rel}","templated":true}]}}